{"id":670,"date":"2024-06-06T14:05:20","date_gmt":"2024-06-06T14:05:20","guid":{"rendered":"https:\/\/www.ratafiaempordanesa.com\/contacto\/"},"modified":"2024-08-01T13:34:45","modified_gmt":"2024-08-01T13:34:45","slug":"contacto","status":"publish","type":"page","link":"https:\/\/www.ratafiaempordanesa.com\/es\/contacto\/","title":{"rendered":"Contacto"},"content":{"rendered":"\t\t<div data-elementor-type=\"wp-page\" data-elementor-id=\"670\" class=\"elementor elementor-670 elementor-22\" data-elementor-post-type=\"page\">\n\t\t\t\t<div class=\"elementor-element elementor-element-5cb9874 e-flex e-con-boxed e-con e-parent\" data-id=\"5cb9874\" data-element_type=\"container\" data-settings=\"{&quot;background_background&quot;:&quot;classic&quot;}\">\n\t\t\t\t\t<div class=\"e-con-inner\">\n\t\t\t\t<div class=\"elementor-element elementor-element-2ead146 animated-slow elementor-invisible elementor-widget elementor-widget-image\" data-id=\"2ead146\" data-element_type=\"widget\" data-settings=\"{&quot;_animation&quot;:&quot;fadeIn&quot;}\" data-widget_type=\"image.default\">\n\t\t\t\t<div class=\"elementor-widget-container\">\n\t\t\t\t\t\t\t\t\t\t\t\t\t\t\t<img decoding=\"async\" src=\"https:\/\/www.ratafiaempordanesa.com\/wp-content\/uploads\/2024\/07\/ratafia-empordanesa-escut.png\" title=\"\" alt=\"\" loading=\"lazy\" \/>\t\t\t\t\t\t\t\t\t\t\t\t\t\t\t<\/div>\n\t\t\t\t<\/div>\n\t\t\t\t<div class=\"elementor-element elementor-element-d104523 elementor-widget__width-initial elementor-widget elementor-widget-heading\" data-id=\"d104523\" data-element_type=\"widget\" data-widget_type=\"heading.default\">\n\t\t\t\t<div class=\"elementor-widget-container\">\n\t\t\t\t\t<h1 class=\"elementor-heading-title elementor-size-default\"><b><em>Contacta<\/em><\/b> con nosotros<\/h1>\t\t\t\t<\/div>\n\t\t\t\t<\/div>\n\t\t\t\t\t<\/div>\n\t\t\t\t<\/div>\n\t\t<div class=\"elementor-element elementor-element-2b4022b e-con-full e-flex e-con e-parent\" data-id=\"2b4022b\" data-element_type=\"container\">\n\t\t<div class=\"elementor-element elementor-element-a9bbb48 e-con-full e-flex e-con e-child\" data-id=\"a9bbb48\" data-element_type=\"container\">\n\t\t\t\t<div class=\"elementor-element elementor-element-5fa8e98 elementor-widget elementor-widget-heading\" data-id=\"5fa8e98\" data-element_type=\"widget\" data-widget_type=\"heading.default\">\n\t\t\t\t<div class=\"elementor-widget-container\">\n\t\t\t\t\t<h3 class=\"elementor-heading-title elementor-size-default\"><a href=\"https:\/\/maps.app.goo.gl\/SbshemJYLWakMVgD9\" target=\"_blank\">Plaza de Noves, 10, 17780 Garriguella, Girona<\/a><\/h3>\t\t\t\t<\/div>\n\t\t\t\t<\/div>\n\t\t\t\t<\/div>\n\t\t<div class=\"elementor-element elementor-element-19d37f3 e-con-full e-flex e-con e-child\" data-id=\"19d37f3\" data-element_type=\"container\">\n\t\t\t\t<div class=\"elementor-element elementor-element-f48ad62 elementor-widget elementor-widget-heading\" data-id=\"f48ad62\" data-element_type=\"widget\" data-widget_type=\"heading.default\">\n\t\t\t\t<div class=\"elementor-widget-container\">\n\t\t\t\t\t<h3 class=\"elementor-heading-title elementor-size-default\"><a href=\"tel:%20972%2053%2000%2089\">972 53 00 89<\/a><\/h3>\t\t\t\t<\/div>\n\t\t\t\t<\/div>\n\t\t\t\t<\/div>\n\t\t<div class=\"elementor-element elementor-element-abf97a4 e-con-full e-flex e-con e-child\" data-id=\"abf97a4\" data-element_type=\"container\">\n\t\t\t\t<div class=\"elementor-element elementor-element-c6b9c0f elementor-widget elementor-widget-heading\" data-id=\"c6b9c0f\" data-element_type=\"widget\" data-widget_type=\"heading.default\">\n\t\t\t\t<div class=\"elementor-widget-container\">\n\t\t\t\t\t<h3 class=\"elementor-heading-title elementor-size-default\"><a href=\"mailto:%20info@ratafiaempordanesa.com\">info@ratafiaempordanesa.com<\/a><\/h3>\t\t\t\t<\/div>\n\t\t\t\t<\/div>\n\t\t\t\t<\/div>\n\t\t<div class=\"elementor-element elementor-element-ab7215f e-con-full e-flex e-con e-child\" data-id=\"ab7215f\" data-element_type=\"container\">\n\t\t\t\t<div class=\"elementor-element elementor-element-e4a0054 elementor-widget elementor-widget-heading\" data-id=\"e4a0054\" data-element_type=\"widget\" data-widget_type=\"heading.default\">\n\t\t\t\t<div class=\"elementor-widget-container\">\n\t\t\t\t\t<h3 class=\"elementor-heading-title elementor-size-default\"><a href=\"https:\/\/www.instagram.com\/ratafialempordanesa\/\" target=\"_blank\" rel=\"nofollow\">Instagram<\/a><\/h3>\t\t\t\t<\/div>\n\t\t\t\t<\/div>\n\t\t\t\t<\/div>\n\t\t\t\t<\/div>\n\t\t<div class=\"elementor-element elementor-element-530ac43 e-con-full e-flex e-con e-parent\" data-id=\"530ac43\" data-element_type=\"container\" data-settings=\"{&quot;background_background&quot;:&quot;classic&quot;}\">\n\t\t\t\t<div class=\"elementor-element elementor-element-4ede3c8 elementor-widget__width-initial elementor-button-align-stretch elementor-widget elementor-widget-form\" data-id=\"4ede3c8\" data-element_type=\"widget\" data-settings=\"{&quot;step_next_label&quot;:&quot;Siguiente&quot;,&quot;step_previous_label&quot;:&quot;Anterior&quot;,&quot;button_width&quot;:&quot;100&quot;,&quot;step_type&quot;:&quot;number_text&quot;,&quot;step_icon_shape&quot;:&quot;circle&quot;}\" data-widget_type=\"form.default\">\n\t\t\t\t<div class=\"elementor-widget-container\">\n\t\t\t\t\t\t\t<form class=\"elementor-form\" method=\"post\" name=\"Nuevo formulario\">\n\t\t\t<input type=\"hidden\" name=\"post_id\" value=\"670\"\/>\n\t\t\t<input type=\"hidden\" name=\"form_id\" value=\"4ede3c8\"\/>\n\t\t\t<input type=\"hidden\" name=\"referer_title\" value=\"Ratafia Empordanesa\" \/>\n\n\t\t\t\n\t\t\t<div class=\"elementor-form-fields-wrapper elementor-labels-\">\n\t\t\t\t\t\t\t\t<div class=\"elementor-field-type-text elementor-field-group elementor-column elementor-field-group-name elementor-col-50\">\n\t\t\t\t\t\t\t\t\t\t\t\t<label for=\"form-field-name\" class=\"elementor-field-label elementor-screen-only\">\n\t\t\t\t\t\t\t\t<b>Nombre<\/b>\t\t\t\t\t\t\t<\/label>\n\t\t\t\t\t\t\t\t\t\t\t\t\t\t<input size=\"1\" type=\"text\" name=\"form_fields[name]\" id=\"form-field-name\" class=\"elementor-field elementor-size-sm  elementor-field-textual\" placeholder=\"Nombre\">\n\t\t\t\t\t\t\t\t\t\t\t<\/div>\n\t\t\t\t\t\t\t\t<div class=\"elementor-field-type-text elementor-field-group elementor-column elementor-field-group-field_fe28fda elementor-col-50\">\n\t\t\t\t\t\t\t\t\t\t\t\t<label for=\"form-field-field_fe28fda\" class=\"elementor-field-label elementor-screen-only\">\n\t\t\t\t\t\t\t\t<b>Apellido<\/b>\t\t\t\t\t\t\t<\/label>\n\t\t\t\t\t\t\t\t\t\t\t\t\t\t<input size=\"1\" type=\"text\" name=\"form_fields[field_fe28fda]\" id=\"form-field-field_fe28fda\" class=\"elementor-field elementor-size-sm  elementor-field-textual\" placeholder=\"Apellido\">\n\t\t\t\t\t\t\t\t\t\t\t<\/div>\n\t\t\t\t\t\t\t\t<div class=\"elementor-field-type-email elementor-field-group elementor-column elementor-field-group-field_d31cfda elementor-col-50\">\n\t\t\t\t\t\t\t\t\t\t\t\t<label for=\"form-field-field_d31cfda\" class=\"elementor-field-label elementor-screen-only\">\n\t\t\t\t\t\t\t\t<b>Email<\/b>\t\t\t\t\t\t\t<\/label>\n\t\t\t\t\t\t\t\t\t\t\t\t\t\t<input size=\"1\" type=\"email\" name=\"form_fields[field_d31cfda]\" id=\"form-field-field_d31cfda\" class=\"elementor-field elementor-size-sm  elementor-field-textual\" placeholder=\"Email\">\n\t\t\t\t\t\t\t\t\t\t\t<\/div>\n\t\t\t\t\t\t\t\t<div class=\"elementor-field-type-tel elementor-field-group elementor-column elementor-field-group-field_4b69629 elementor-col-50\">\n\t\t\t\t\t\t\t\t\t\t\t\t<label for=\"form-field-field_4b69629\" class=\"elementor-field-label elementor-screen-only\">\n\t\t\t\t\t\t\t\t<b>Tel\u00e9fono<\/b>\t\t\t\t\t\t\t<\/label>\n\t\t\t\t\t\t\t\t<input size=\"1\" type=\"tel\" name=\"form_fields[field_4b69629]\" id=\"form-field-field_4b69629\" class=\"elementor-field elementor-size-sm  elementor-field-textual\" placeholder=\"Tel\u00e9fono\" pattern=\"[0-9()#&amp;+*-=.]+\" title=\"Solo se aceptan n\u00fameros y caracteres de tel\u00e9fono (#,-,*,etc).\">\n\n\t\t\t\t\t\t<\/div>\n\t\t\t\t\t\t\t\t<div class=\"elementor-field-type-textarea elementor-field-group elementor-column elementor-field-group-message elementor-col-100 elementor-field-required\">\n\t\t\t\t\t\t\t\t\t\t\t\t<label for=\"form-field-message\" class=\"elementor-field-label elementor-screen-only\">\n\t\t\t\t\t\t\t\t<b>Mensaje<\/b>\t\t\t\t\t\t\t<\/label>\n\t\t\t\t\t\t<textarea class=\"elementor-field-textual elementor-field  elementor-size-sm\" name=\"form_fields[message]\" id=\"form-field-message\" rows=\"4\" placeholder=\"Mensaje\" required=\"required\"><\/textarea>\t\t\t\t<\/div>\n\t\t\t\t\t\t\t\t<div class=\"elementor-field-type-acceptance elementor-field-group elementor-column elementor-field-group-field_b35c913 elementor-col-100 elementor-field-required\">\n\t\t\t\t\t\t\t\t\t\t\t\t<label for=\"form-field-field_b35c913\" class=\"elementor-field-label elementor-screen-only\">\n\t\t\t\t\t\t\t\t<b>Pol\u00edtica de privacidad<\/b>\t\t\t\t\t\t\t<\/label>\n\t\t\t\t\t\t\t\t<div class=\"elementor-field-subgroup\">\n\t\t\t<span class=\"elementor-field-option\">\n\t\t\t\t<input type=\"checkbox\" name=\"form_fields[field_b35c913]\" id=\"form-field-field_b35c913\" class=\"elementor-field elementor-size-sm  elementor-acceptance-field\" required=\"required\">\n\t\t\t\t<label for=\"form-field-field_b35c913\"><small>He le\u00eddo y acepto la <a href=\"https:\/\/www.ratafiaempordanesa.com\/es\/politica-de-privacidad\/\">pol\u00edtica de privacidad<\/a> de ROICOM SA<\/small><\/label>\t\t\t<\/span>\n\t\t<\/div>\n\t\t\t\t\t\t<\/div>\n\t\t\t\t\t\t\t\t<div class=\"elementor-field-group elementor-column elementor-field-type-submit elementor-col-100 e-form__buttons\">\n\t\t\t\t\t<button class=\"elementor-button elementor-size-sm\" type=\"submit\">\n\t\t\t\t\t\t<span class=\"elementor-button-content-wrapper\">\n\t\t\t\t\t\t\t\t\t\t\t\t\t\t\t\t\t\t\t\t\t\t<span class=\"elementor-button-text\">Enviar consulta<\/span>\n\t\t\t\t\t\t\t\t\t\t\t\t\t<\/span>\n\t\t\t\t\t<\/button>\n\t\t\t\t<\/div>\n\t\t\t<\/div>\n\t\t<\/form>\n\t\t\t\t\t\t<\/div>\n\t\t\t\t<\/div>\n\t\t\t\t<div class=\"elementor-element elementor-element-ee3505c elementor-widget__width-initial elementor-widget elementor-widget-text-editor\" data-id=\"ee3505c\" data-element_type=\"widget\" data-widget_type=\"text-editor.default\">\n\t\t\t\t<div class=\"elementor-widget-container\">\n\t\t\t\t\t\t\t\t\t<p>La comunicaci\u00f3n enviada quedar\u00e1 incorporada en un fichero del que es responsable ROICOM SA. Esta comunicaci\u00f3n se utilizar\u00e1 exclusivamente para tratar sus datos para atender su solicitud, siempre de acuerdo con el Reglamento (UE) 2016\/679 (RGPD), la Ley org\u00e1nica 15\/1999 (LOPD) y el Real decreto 1720 \/2007 de desarrollo de la LOPD, sobre protecci\u00f3n de datos. Sus datos no se comunicar\u00e1n a terceros, excepto por obligaci\u00f3n legal, y se mantendr\u00e1n mientras no solicite su cancelaci\u00f3n. En cualquier momento puede ejercer los derechos de acceso, rectificaci\u00f3n, portabilidad y oposici\u00f3n, o en su caso, a la limitaci\u00f3n o cancelaci\u00f3n del tratamiento, comunic\u00e1ndolo por escrito, indicando sus datos personales por correo electr\u00f3nico a <a href=\"mailto:info@ratafiaempordanesa.com\">info@ratafiaempordanesa.com <\/a><\/p>\n\t\t\t\t\t\t\t\t<\/div>\n\t\t\t\t<\/div>\n\t\t\t\t<\/div>\n\t\t\t\t<\/div>\n\t\t","protected":false},"excerpt":{"rendered":"<p>Contacta con nosotros Plaza de Noves, 10, 17780 Garriguella, Girona 972 53 00 89 info@ratafiaempordanesa.com Instagram La comunicaci\u00f3n enviada quedar\u00e1 incorporada en un fichero del que es responsable ROICOM SA. Esta comunicaci\u00f3n se utilizar\u00e1 exclusivamente para tratar sus datos para atender su solicitud, siempre de acuerdo con el Reglamento (UE) 2016\/679 (RGPD), la Ley org\u00e1nica [&hellip;]<\/p>\n","protected":false},"author":1,"featured_media":0,"parent":0,"menu_order":0,"comment_status":"closed","ping_status":"closed","template":"","meta":{"footnotes":""},"class_list":["post-670","page","type-page","status-publish","hentry"],"yoast_head":"<!-- This site is optimized with the Yoast SEO plugin v25.5 - https:\/\/yoast.com\/wordpress\/plugins\/seo\/ -->\n<title>Contacto - Ratafia Empordanesa<\/title>\n<meta name=\"robots\" content=\"index, follow, max-snippet:-1, max-image-preview:large, max-video-preview:-1\" \/>\n<link rel=\"canonical\" href=\"https:\/\/www.ratafiaempordanesa.com\/es\/contacto\/\" \/>\n<meta property=\"og:locale\" content=\"es_ES\" \/>\n<meta property=\"og:type\" content=\"article\" \/>\n<meta property=\"og:title\" content=\"Contacto - Ratafia Empordanesa\" \/>\n<meta property=\"og:description\" content=\"Contacta con nosotros Plaza de Noves, 10, 17780 Garriguella, Girona 972 53 00 89 info@ratafiaempordanesa.com Instagram La comunicaci\u00f3n enviada quedar\u00e1 incorporada en un fichero del que es responsable ROICOM SA. Esta comunicaci\u00f3n se utilizar\u00e1 exclusivamente para tratar sus datos para atender su solicitud, siempre de acuerdo con el Reglamento (UE) 2016\/679 (RGPD), la Ley org\u00e1nica [&hellip;]\" \/>\n<meta property=\"og:url\" content=\"https:\/\/www.ratafiaempordanesa.com\/es\/contacto\/\" \/>\n<meta property=\"og:site_name\" content=\"Ratafia Empordanesa\" \/>\n<meta property=\"article:modified_time\" content=\"2024-08-01T13:34:45+00:00\" \/>\n<meta property=\"og:image\" content=\"https:\/\/www.ratafiaempordanesa.com\/wp-content\/uploads\/2024\/07\/ratafia-empordanesa-escut.png\" \/>\n<meta name=\"twitter:card\" content=\"summary_large_image\" \/>\n<meta name=\"twitter:label1\" content=\"Tiempo de lectura\" \/>\n\t<meta name=\"twitter:data1\" content=\"1 minuto\" \/>\n<script type=\"application\/ld+json\" class=\"yoast-schema-graph\">{\"@context\":\"https:\/\/schema.org\",\"@graph\":[{\"@type\":\"WebPage\",\"@id\":\"https:\/\/www.ratafiaempordanesa.com\/es\/contacto\/\",\"url\":\"https:\/\/www.ratafiaempordanesa.com\/es\/contacto\/\",\"name\":\"Contacto - Ratafia Empordanesa\",\"isPartOf\":{\"@id\":\"https:\/\/www.ratafiaempordanesa.com\/es\/#website\"},\"primaryImageOfPage\":{\"@id\":\"https:\/\/www.ratafiaempordanesa.com\/es\/contacto\/#primaryimage\"},\"image\":{\"@id\":\"https:\/\/www.ratafiaempordanesa.com\/es\/contacto\/#primaryimage\"},\"thumbnailUrl\":\"https:\/\/www.ratafiaempordanesa.com\/wp-content\/uploads\/2024\/07\/ratafia-empordanesa-escut.png\",\"datePublished\":\"2024-06-06T14:05:20+00:00\",\"dateModified\":\"2024-08-01T13:34:45+00:00\",\"breadcrumb\":{\"@id\":\"https:\/\/www.ratafiaempordanesa.com\/es\/contacto\/#breadcrumb\"},\"inLanguage\":\"es\",\"potentialAction\":[{\"@type\":\"ReadAction\",\"target\":[\"https:\/\/www.ratafiaempordanesa.com\/es\/contacto\/\"]}]},{\"@type\":\"ImageObject\",\"inLanguage\":\"es\",\"@id\":\"https:\/\/www.ratafiaempordanesa.com\/es\/contacto\/#primaryimage\",\"url\":\"https:\/\/www.ratafiaempordanesa.com\/wp-content\/uploads\/2024\/07\/ratafia-empordanesa-escut.png\",\"contentUrl\":\"https:\/\/www.ratafiaempordanesa.com\/wp-content\/uploads\/2024\/07\/ratafia-empordanesa-escut.png\"},{\"@type\":\"BreadcrumbList\",\"@id\":\"https:\/\/www.ratafiaempordanesa.com\/es\/contacto\/#breadcrumb\",\"itemListElement\":[{\"@type\":\"ListItem\",\"position\":1,\"name\":\"Portada\",\"item\":\"https:\/\/www.ratafiaempordanesa.com\/es\/\"},{\"@type\":\"ListItem\",\"position\":2,\"name\":\"Contacto\"}]},{\"@type\":\"WebSite\",\"@id\":\"https:\/\/www.ratafiaempordanesa.com\/es\/#website\",\"url\":\"https:\/\/www.ratafiaempordanesa.com\/es\/\",\"name\":\"Ratafia l'Empordanesa\",\"description\":\"Ratafia artesanal\",\"publisher\":{\"@id\":\"https:\/\/www.ratafiaempordanesa.com\/es\/#organization\"},\"potentialAction\":[{\"@type\":\"SearchAction\",\"target\":{\"@type\":\"EntryPoint\",\"urlTemplate\":\"https:\/\/www.ratafiaempordanesa.com\/es\/?s={search_term_string}\"},\"query-input\":{\"@type\":\"PropertyValueSpecification\",\"valueRequired\":true,\"valueName\":\"search_term_string\"}}],\"inLanguage\":\"es\"},{\"@type\":\"Organization\",\"@id\":\"https:\/\/www.ratafiaempordanesa.com\/es\/#organization\",\"name\":\"Ratafia l'Empordanesa\",\"url\":\"https:\/\/www.ratafiaempordanesa.com\/es\/\",\"logo\":{\"@type\":\"ImageObject\",\"inLanguage\":\"es\",\"@id\":\"https:\/\/www.ratafiaempordanesa.com\/es\/#\/schema\/logo\/image\/\",\"url\":\"https:\/\/www.ratafiaempordanesa.com\/wp-content\/uploads\/2024\/06\/logo-ratafia-empordanesa-beige.png\",\"contentUrl\":\"https:\/\/www.ratafiaempordanesa.com\/wp-content\/uploads\/2024\/06\/logo-ratafia-empordanesa-beige.png\",\"width\":4910,\"height\":536,\"caption\":\"Ratafia l'Empordanesa\"},\"image\":{\"@id\":\"https:\/\/www.ratafiaempordanesa.com\/es\/#\/schema\/logo\/image\/\"}}]}<\/script>\n<!-- \/ Yoast SEO plugin. -->","yoast_head_json":{"title":"Contacto - Ratafia Empordanesa","robots":{"index":"index","follow":"follow","max-snippet":"max-snippet:-1","max-image-preview":"max-image-preview:large","max-video-preview":"max-video-preview:-1"},"canonical":"https:\/\/www.ratafiaempordanesa.com\/es\/contacto\/","og_locale":"es_ES","og_type":"article","og_title":"Contacto - Ratafia Empordanesa","og_description":"Contacta con nosotros Plaza de Noves, 10, 17780 Garriguella, Girona 972 53 00 89 info@ratafiaempordanesa.com Instagram La comunicaci\u00f3n enviada quedar\u00e1 incorporada en un fichero del que es responsable ROICOM SA. Esta comunicaci\u00f3n se utilizar\u00e1 exclusivamente para tratar sus datos para atender su solicitud, siempre de acuerdo con el Reglamento (UE) 2016\/679 (RGPD), la Ley org\u00e1nica [&hellip;]","og_url":"https:\/\/www.ratafiaempordanesa.com\/es\/contacto\/","og_site_name":"Ratafia Empordanesa","article_modified_time":"2024-08-01T13:34:45+00:00","og_image":[{"url":"https:\/\/www.ratafiaempordanesa.com\/wp-content\/uploads\/2024\/07\/ratafia-empordanesa-escut.png","type":"","width":"","height":""}],"twitter_card":"summary_large_image","twitter_misc":{"Tiempo de lectura":"1 minuto"},"schema":{"@context":"https:\/\/schema.org","@graph":[{"@type":"WebPage","@id":"https:\/\/www.ratafiaempordanesa.com\/es\/contacto\/","url":"https:\/\/www.ratafiaempordanesa.com\/es\/contacto\/","name":"Contacto - Ratafia Empordanesa","isPartOf":{"@id":"https:\/\/www.ratafiaempordanesa.com\/es\/#website"},"primaryImageOfPage":{"@id":"https:\/\/www.ratafiaempordanesa.com\/es\/contacto\/#primaryimage"},"image":{"@id":"https:\/\/www.ratafiaempordanesa.com\/es\/contacto\/#primaryimage"},"thumbnailUrl":"https:\/\/www.ratafiaempordanesa.com\/wp-content\/uploads\/2024\/07\/ratafia-empordanesa-escut.png","datePublished":"2024-06-06T14:05:20+00:00","dateModified":"2024-08-01T13:34:45+00:00","breadcrumb":{"@id":"https:\/\/www.ratafiaempordanesa.com\/es\/contacto\/#breadcrumb"},"inLanguage":"es","potentialAction":[{"@type":"ReadAction","target":["https:\/\/www.ratafiaempordanesa.com\/es\/contacto\/"]}]},{"@type":"ImageObject","inLanguage":"es","@id":"https:\/\/www.ratafiaempordanesa.com\/es\/contacto\/#primaryimage","url":"https:\/\/www.ratafiaempordanesa.com\/wp-content\/uploads\/2024\/07\/ratafia-empordanesa-escut.png","contentUrl":"https:\/\/www.ratafiaempordanesa.com\/wp-content\/uploads\/2024\/07\/ratafia-empordanesa-escut.png"},{"@type":"BreadcrumbList","@id":"https:\/\/www.ratafiaempordanesa.com\/es\/contacto\/#breadcrumb","itemListElement":[{"@type":"ListItem","position":1,"name":"Portada","item":"https:\/\/www.ratafiaempordanesa.com\/es\/"},{"@type":"ListItem","position":2,"name":"Contacto"}]},{"@type":"WebSite","@id":"https:\/\/www.ratafiaempordanesa.com\/es\/#website","url":"https:\/\/www.ratafiaempordanesa.com\/es\/","name":"Ratafia l'Empordanesa","description":"Ratafia artesanal","publisher":{"@id":"https:\/\/www.ratafiaempordanesa.com\/es\/#organization"},"potentialAction":[{"@type":"SearchAction","target":{"@type":"EntryPoint","urlTemplate":"https:\/\/www.ratafiaempordanesa.com\/es\/?s={search_term_string}"},"query-input":{"@type":"PropertyValueSpecification","valueRequired":true,"valueName":"search_term_string"}}],"inLanguage":"es"},{"@type":"Organization","@id":"https:\/\/www.ratafiaempordanesa.com\/es\/#organization","name":"Ratafia l'Empordanesa","url":"https:\/\/www.ratafiaempordanesa.com\/es\/","logo":{"@type":"ImageObject","inLanguage":"es","@id":"https:\/\/www.ratafiaempordanesa.com\/es\/#\/schema\/logo\/image\/","url":"https:\/\/www.ratafiaempordanesa.com\/wp-content\/uploads\/2024\/06\/logo-ratafia-empordanesa-beige.png","contentUrl":"https:\/\/www.ratafiaempordanesa.com\/wp-content\/uploads\/2024\/06\/logo-ratafia-empordanesa-beige.png","width":4910,"height":536,"caption":"Ratafia l'Empordanesa"},"image":{"@id":"https:\/\/www.ratafiaempordanesa.com\/es\/#\/schema\/logo\/image\/"}}]}},"_links":{"self":[{"href":"https:\/\/www.ratafiaempordanesa.com\/es\/wp-json\/wp\/v2\/pages\/670","targetHints":{"allow":["GET"]}}],"collection":[{"href":"https:\/\/www.ratafiaempordanesa.com\/es\/wp-json\/wp\/v2\/pages"}],"about":[{"href":"https:\/\/www.ratafiaempordanesa.com\/es\/wp-json\/wp\/v2\/types\/page"}],"author":[{"embeddable":true,"href":"https:\/\/www.ratafiaempordanesa.com\/es\/wp-json\/wp\/v2\/users\/1"}],"replies":[{"embeddable":true,"href":"https:\/\/www.ratafiaempordanesa.com\/es\/wp-json\/wp\/v2\/comments?post=670"}],"version-history":[{"count":4,"href":"https:\/\/www.ratafiaempordanesa.com\/es\/wp-json\/wp\/v2\/pages\/670\/revisions"}],"predecessor-version":[{"id":883,"href":"https:\/\/www.ratafiaempordanesa.com\/es\/wp-json\/wp\/v2\/pages\/670\/revisions\/883"}],"wp:attachment":[{"href":"https:\/\/www.ratafiaempordanesa.com\/es\/wp-json\/wp\/v2\/media?parent=670"}],"curies":[{"name":"wp","href":"https:\/\/api.w.org\/{rel}","templated":true}]}}