{"id":700,"date":"2024-06-06T14:06:25","date_gmt":"2024-06-06T14:06:25","guid":{"rendered":"https:\/\/www.ratafiaempordanesa.com\/aviso-legal\/"},"modified":"2024-07-25T08:56:39","modified_gmt":"2024-07-25T08:56:39","slug":"aviso-legal","status":"publish","type":"page","link":"https:\/\/www.ratafiaempordanesa.com\/es\/aviso-legal\/","title":{"rendered":"Aviso Legal"},"content":{"rendered":"\t\t<div data-elementor-type=\"wp-page\" data-elementor-id=\"700\" class=\"elementor elementor-700 elementor-26\" data-elementor-post-type=\"page\">\n\t\t\t\t<div class=\"elementor-element elementor-element-5581124 e-flex e-con-boxed e-con e-parent\" data-id=\"5581124\" data-element_type=\"container\">\n\t\t\t\t\t<div class=\"e-con-inner\">\n\t\t<div class=\"elementor-element elementor-element-1bbc457 e-con-full e-flex e-con e-child\" data-id=\"1bbc457\" data-element_type=\"container\">\n\t\t\t\t<div class=\"elementor-element elementor-element-92dd7e6 elementor-toc--minimized-on-tablet elementor-widget elementor-widget-table-of-contents\" data-id=\"92dd7e6\" data-element_type=\"widget\" data-settings=\"{&quot;exclude_headings_by_selector&quot;:[],&quot;sticky&quot;:&quot;top&quot;,&quot;sticky_offset&quot;:90,&quot;sticky_effects_offset&quot;:10,&quot;sticky_parent&quot;:&quot;yes&quot;,&quot;headings_by_tags&quot;:[&quot;h2&quot;,&quot;h3&quot;,&quot;h4&quot;,&quot;h5&quot;,&quot;h6&quot;],&quot;marker_view&quot;:&quot;numbers&quot;,&quot;no_headings_message&quot;:&quot;No se ha encontrado ning\\u00fan encabezado en esta p\\u00e1gina.&quot;,&quot;minimize_box&quot;:&quot;yes&quot;,&quot;minimized_on&quot;:&quot;tablet&quot;,&quot;hierarchical_view&quot;:&quot;yes&quot;,&quot;min_height&quot;:{&quot;unit&quot;:&quot;px&quot;,&quot;size&quot;:&quot;&quot;,&quot;sizes&quot;:[]},&quot;min_height_widescreen&quot;:{&quot;unit&quot;:&quot;px&quot;,&quot;size&quot;:&quot;&quot;,&quot;sizes&quot;:[]},&quot;min_height_tablet&quot;:{&quot;unit&quot;:&quot;px&quot;,&quot;size&quot;:&quot;&quot;,&quot;sizes&quot;:[]},&quot;min_height_mobile&quot;:{&quot;unit&quot;:&quot;px&quot;,&quot;size&quot;:&quot;&quot;,&quot;sizes&quot;:[]},&quot;sticky_on&quot;:[&quot;widescreen&quot;,&quot;desktop&quot;,&quot;tablet&quot;,&quot;mobile&quot;],&quot;sticky_anchor_link_offset&quot;:0}\" data-widget_type=\"table-of-contents.default\">\n\t\t\t\t<div class=\"elementor-widget-container\">\n\t\t\t\t\t\t\t<div class=\"elementor-toc__header\">\n\t\t\t<h3 class=\"elementor-toc__header-title\">\n\t\t\t\tTabla de contenidos\t\t\t<\/h3>\n\t\t\t\t\t\t\t<div class=\"elementor-toc__toggle-button elementor-toc__toggle-button--expand\" role=\"button\" tabindex=\"0\" aria-controls=\"elementor-toc__92dd7e6\" aria-expanded=\"true\" aria-label=\"Abrir la tabla de contenidos\"><svg aria-hidden=\"true\" class=\"e-font-icon-svg e-fas-chevron-down\" viewBox=\"0 0 448 512\" xmlns=\"http:\/\/www.w3.org\/2000\/svg\"><path d=\"M207.029 381.476L12.686 187.132c-9.373-9.373-9.373-24.569 0-33.941l22.667-22.667c9.357-9.357 24.522-9.375 33.901-.04L224 284.505l154.745-154.021c9.379-9.335 24.544-9.317 33.901.04l22.667 22.667c9.373 9.373 9.373 24.569 0 33.941L240.971 381.476c-9.373 9.372-24.569 9.372-33.942 0z\"><\/path><\/svg><\/div>\n\t\t\t\t<div class=\"elementor-toc__toggle-button elementor-toc__toggle-button--collapse\" role=\"button\" tabindex=\"0\" aria-controls=\"elementor-toc__92dd7e6\" aria-expanded=\"true\" aria-label=\"Cerrar la tabla de contenidos\"><svg aria-hidden=\"true\" class=\"e-font-icon-svg e-fas-chevron-up\" viewBox=\"0 0 448 512\" xmlns=\"http:\/\/www.w3.org\/2000\/svg\"><path d=\"M240.971 130.524l194.343 194.343c9.373 9.373 9.373 24.569 0 33.941l-22.667 22.667c-9.357 9.357-24.522 9.375-33.901.04L224 227.495 69.255 381.516c-9.379 9.335-24.544 9.317-33.901-.04l-22.667-22.667c-9.373-9.373-9.373-24.569 0-33.941L207.03 130.525c9.372-9.373 24.568-9.373 33.941-.001z\"><\/path><\/svg><\/div>\n\t\t\t\t\t<\/div>\n\t\t<div id=\"elementor-toc__92dd7e6\" class=\"elementor-toc__body\">\n\t\t\t<div class=\"elementor-toc__spinner-container\">\n\t\t\t\t<svg class=\"elementor-toc__spinner eicon-animation-spin e-font-icon-svg e-eicon-loading\" aria-hidden=\"true\" viewBox=\"0 0 1000 1000\" xmlns=\"http:\/\/www.w3.org\/2000\/svg\"><path d=\"M500 975V858C696 858 858 696 858 500S696 142 500 142 142 304 142 500H25C25 237 238 25 500 25S975 237 975 500 763 975 500 975Z\"><\/path><\/svg>\t\t\t<\/div>\n\t\t<\/div>\n\t\t\t\t\t\t<\/div>\n\t\t\t\t<\/div>\n\t\t\t\t<\/div>\n\t\t<div class=\"elementor-element elementor-element-5abaa7a e-con-full e-flex e-con e-child\" data-id=\"5abaa7a\" data-element_type=\"container\">\n\t\t\t\t<div class=\"elementor-element elementor-element-7702337 elementor-widget elementor-widget-heading\" data-id=\"7702337\" data-element_type=\"widget\" data-widget_type=\"heading.default\">\n\t\t\t\t<div class=\"elementor-widget-container\">\n\t\t\t\t\t<h1 class=\"elementor-heading-title elementor-size-default\">Aviso Legal<\/h1>\t\t\t\t<\/div>\n\t\t\t\t<\/div>\n\t\t\t\t<div class=\"elementor-element elementor-element-501c14f legal elementor-widget elementor-widget-text-editor\" data-id=\"501c14f\" data-element_type=\"widget\" data-widget_type=\"text-editor.default\">\n\t\t\t\t<div class=\"elementor-widget-container\">\n\t\t\t\t\t\t\t\t\t<p>Con el fin de dar cumplimiento al art\u00edculo 10 de la Ley 34\/2002 de Servicios de la Sociedad de la Informaci\u00f3n y del Comercio Electr\u00f3nico, informamos a los usuarios de nuestros datos:<\/p>\n<p><strong>Denominaci\u00f3n Social:<\/strong> ROICOM, S.A.<\/p>\n<p><strong>Domicilio:<\/strong> Pla\u00e7a de Noves, 10, 17780 Garriguella, Girona<\/p>\n<p><strong>CIF:<\/strong> B17627464<\/p>\n<p><strong>Tel\u00e9fono:<\/strong> <a href=\"tel: 972 53 00 89\"><span aria-label=\"Truca al n\u00famero de tel\u00e8fon 972 53 00 89\">972 53 00 89<\/span><\/a><\/p>\n<p><strong>E-Mail:<\/strong> <a href=\"mailto:info@ratafiaempordanesa.com\">info@ratafiaempordanesa.com<\/a><\/p>\n<p><strong>Sitio web:<\/strong> <a href=\"https:\/\/www.ratafiaempordanesa.com\/es\/\">https:\/\/www.ratafiaempordanesa.com\/<\/a><\/p>\n<h2>Objeto<\/h2>\n<p>ROICOM, S.A. (d\u2019ara endavant tamb\u00e9 el prestador) com responsable del lloc web, posa a la disposici\u00f3 dels usuaris el present document, que regula l\u2019\u00fas del lloc web <a href=\"https:\/\/www.ratafiaempordanesa.com\/es\/\">https:\/\/www.ratafiaempordanesa.com\/<\/a>, amb el qual pretenem donar compliment a les obligacions que disposa la Llei 34\/2002, de Serveis de la Societat de la Informaci\u00f3 i del Comer\u00e7 Electr\u00f2nic (LSSICE o LSSI), aix\u00ed com informar a tots els usuaris del lloc web respecte de quins s\u00f3n les condicions d\u2019\u00fas del lloc web.<\/p>\n<p>A trav\u00e9s de la Web, ROICOM, S.A. facilita a los usuarios el acceso y utilizaci\u00f3n de distintos servicios y contenidos puestos a disposici\u00f3n a trav\u00e9s de la web.<\/p>\n<p>Toda persona que acceda a esta web asume el papel de usuario (en adelante el usuario), e implica la aceptaci\u00f3n total y sin reservas de todas y cada una de las disposiciones incluidas en este aviso legal, as\u00ed como a cualesquiera otras disposiciones legales que fuesen aplicable.<\/p>\n<p>Como usuarios, deben leer atentamente este Aviso Legal en cualquiera de las ocasiones que entren en la web, porque \u00e9sta puede sufrir modificaciones ya que el prestamista se reserva el derecho a modificar cualquier tipo de informaci\u00f3n que pudiera aparecer en la web, sin que exista la obligaci\u00f3n de pre-avisar o poner en conocimiento de los usuarios estas obligaciones, siendo suficientes la publicaci\u00f3n en el sitio web del prestamista.<\/p>\n<h2>Condiciones de acceso y uso de la web <\/h2>\n<h3>Car\u00e1cter gratuito del acceso y uso de la web<\/h3>\n<p>La prestaci\u00f3n de los servicios por parte de ROICOM, S.A. tiene car\u00e1cter gratuito para todos los Usuarios.<\/p>\n<h3>Registro de Usuario<\/h3>\n<p>Con car\u00e1cter general, la prestaci\u00f3n de los Servicios no exige la previa suscripci\u00f3n o registro de los Usuarios. A\u00fan as\u00ed, ROICOM, S.A. puede exigir la cumplimentaci\u00f3n del oportuno registro de usuario para la prestaci\u00f3n de determinados servicios. Este registro se efectuar\u00e1 de acuerdo a la forma expresamente prevista en la propia secci\u00f3n del servicio.  <\/p>\n<h3>Veracidad de la informaci\u00f3n<\/h3>\n<p>Toda la informaci\u00f3n que facilita el Usuario debe ser veraz. A tal efecto, el Usuario garantiza la autenticidad de los datos comunicados a trav\u00e9s de los formularios para la suscripci\u00f3n de los Servicios. Ser\u00e1 responsabilidad del Usuario mantener toda la informaci\u00f3n facilitada a ROICOM, S.A. permanentemente actualizada de forma que responda, en todo momento, a su situaci\u00f3n real. En cualquier caso, el Usuario ser\u00e1 el \u00fanico responsable de las manifestaciones falsas o inexactas que realice y de los perjuicios que cause al prestamista oa terceros.   <\/p>\n<h3>Menores de edad<\/h3>\n<p>Para el uso de los servicios, los menores de edad deben obtener siempre previamente el consentimiento de los padres, tutores o representantes legales, responsables \u00faltimos de todos los actos realizados por los menores a su cargo. La responsabilidad en la determinaci\u00f3n de contenidos concretos a los que acceden los menores corresponde a aquellos, por lo que, si acceden a contenidos no apropiados por Internet, deber\u00e1n establecerse en sus ordenadores mecanismos, en particular programas inform\u00e1ticos, filtros y bloqueos, que permitan limitar los contenidos disponibles y, aunque no sean infalibles, son de especial utilidad para controlar y restringir los materiales a los que pueden acceder los menores. <\/p>\n<h3>Obligaci\u00f3n de hacer un uso correcto de la Web<\/h3>\n<p>El Usuario se compromete a utilizar la Web de conformidad a la Ley y al presente Aviso Legal, as\u00ed como a la moral y buenas costumbres. A tal efecto, el Usuario se abstendr\u00e1 de utilizar la p\u00e1gina con fines il\u00edcitos o prohibidos, lesivos de derechos e intereses de terceros, o que de cualquier forma puedan da\u00f1ar, inutilizar, sobrecargar, deteriorar o impedir la normal utilizaci\u00f3n de equipos inform\u00e1ticos o documentos, archivos y toda clase de contenidos almacenados en cualquier equipo inform\u00e1tico del prestador. <\/p>\n<p>En particular, ya t\u00edtulo indicativo, pero no exhaustivo, el Usuario se compromete a no transmitir, difundir o poner a disposici\u00f3n de terceros informaciones, datos, contenidos, mensajes, gr\u00e1ficos, dibujos, archivos de sonido o imagen, fotograf\u00edas, grabaciones, software y, en general, cualquier clase de material que:<\/p>\n<p><strong>(a) sea contraria, desprecie o atente contra los derechos fundamentales y las libertades p\u00fablicas reconocidas constitucionalmente, en tratados internacionales y otras normas vigentes;<\/strong><\/p>\n<p><strong>(b) induzca, incite o promueva actuaciones delictivas, denigrantes, difamatorias, violentas o, en general, contrarias a la ley, a la moral y al orden p\u00fablico;<\/strong><\/p>\n<p><strong>(c) induzca, incite o promueva actuaciones, actitudes o pensamientos discriminatorios por raz\u00f3n de sexo, raza, religi\u00f3n, creencias, edad o condici\u00f3n;<\/strong><\/p>\n<p><strong>(d) sea contrario al derecho al honor, a la intimidad personal o familiar oa la propia imagen de las personas;<\/strong><\/p>\n<p><strong>(e) de cualquier modo perjudique la credibilidad del prestamista o de terceros; y<\/strong><\/p>\n<p><strong>(f) constituya publicidad il\u00edcita, enga\u00f1osa o desleal.<\/strong><\/p>\n<h2>Exclusi\u00f3n de garant\u00edas y responsabilidad<\/h2>\n<p>El prestamista se exime de cualquier tipo de responsabilidad derivada de la informaci\u00f3n publicada en nuestro sitio web, siempre que esta informaci\u00f3n haya sido manipulada o introducida por un tercero ajeno.<br \/>Esta web ha sido revisada y probada para que funcione correctamente. En principio, puede garantizarse el correcto funcionamiento los 365 d\u00edas del a\u00f1o, 24 horas al d\u00eda. No obstante, el prestamista no descarta la posibilidad de que existan determinados errores de programaci\u00f3n, o que sucedan causas de fuerza mayor, cat\u00e1strofes naturales, huelgas, o circunstancias similares que hagan imposible el acceso a la p\u00e1gina web.  <\/p>\n<p>ROICOM, S.A. no otorga ninguna garant\u00eda ni se hace responsable, en ning\u00fan caso, de los da\u00f1os y perjuicios de cualquier naturaleza que puedan salir a colaci\u00f3n de la falta de disponibilidad, mantenimiento y efectivo funcionamiento de la web o de sus servicios y contenidos; de la existencia de virus, programas maliciosos o lesivos en los contenidos; del uso il\u00edcito, negligente, fraudulento o contrario a este Aviso Legal y condiciones de uso; o de la falta de licitud, calidad, fiabilidad, utilidad y disponibilidad de los servicios prestados por terceros y puestos a disposici\u00f3n de los usuarios en el sitio web.<\/p>\n<p>El prestamista no se hace responsable bajo ning\u00fan concepto de los da\u00f1os que puedan dimanar del uso ilegal o indebido de la presente p\u00e1gina web.<\/p>\n\t\t\t\t\t\t\t\t<\/div>\n\t\t\t\t<\/div>\n\t\t\t\t<\/div>\n\t\t\t\t\t<\/div>\n\t\t\t\t<\/div>\n\t\t\t\t<\/div>\n\t\t","protected":false},"excerpt":{"rendered":"<p>Tabla de contenidos Con el fin de dar cumplimiento al art\u00edculo 10 de la Ley 34\/2002 de Servicios de la Sociedad de la Informaci\u00f3n y del Comercio Electr\u00f3nico, informamos a los usuarios de nuestros datos: Denominaci\u00f3n Social: ROICOM, S.A. Domicilio: Pla\u00e7a de Noves, 10, 17780 Garriguella, Girona CIF: B17627464 Tel\u00e9fono: 972 53 00 89 E-Mail: [&hellip;]<\/p>\n","protected":false},"author":1,"featured_media":0,"parent":0,"menu_order":0,"comment_status":"closed","ping_status":"closed","template":"","meta":{"footnotes":""},"class_list":["post-700","page","type-page","status-publish","hentry"],"yoast_head":"<!-- This site is optimized with the Yoast SEO plugin v25.5 - https:\/\/yoast.com\/wordpress\/plugins\/seo\/ -->\n<title>Aviso Legal - Ratafia Empordanesa<\/title>\n<meta name=\"robots\" content=\"index, follow, max-snippet:-1, max-image-preview:large, max-video-preview:-1\" \/>\n<link rel=\"canonical\" href=\"https:\/\/www.ratafiaempordanesa.com\/es\/aviso-legal\/\" \/>\n<meta property=\"og:locale\" content=\"es_ES\" \/>\n<meta property=\"og:type\" content=\"article\" \/>\n<meta property=\"og:title\" content=\"Aviso Legal - Ratafia Empordanesa\" \/>\n<meta property=\"og:description\" content=\"Tabla de contenidos Con el fin de dar cumplimiento al art\u00edculo 10 de la Ley 34\/2002 de Servicios de la Sociedad de la Informaci\u00f3n y del Comercio Electr\u00f3nico, informamos a los usuarios de nuestros datos: Denominaci\u00f3n Social: ROICOM, S.A. Domicilio: Pla\u00e7a de Noves, 10, 17780 Garriguella, Girona CIF: B17627464 Tel\u00e9fono: 972 53 00 89 E-Mail: [&hellip;]\" \/>\n<meta property=\"og:url\" content=\"https:\/\/www.ratafiaempordanesa.com\/es\/aviso-legal\/\" \/>\n<meta property=\"og:site_name\" content=\"Ratafia Empordanesa\" \/>\n<meta property=\"article:modified_time\" content=\"2024-07-25T08:56:39+00:00\" \/>\n<meta name=\"twitter:card\" content=\"summary_large_image\" \/>\n<meta name=\"twitter:label1\" content=\"Tiempo de lectura\" \/>\n\t<meta name=\"twitter:data1\" content=\"6 minutos\" \/>\n<script type=\"application\/ld+json\" class=\"yoast-schema-graph\">{\"@context\":\"https:\/\/schema.org\",\"@graph\":[{\"@type\":\"WebPage\",\"@id\":\"https:\/\/www.ratafiaempordanesa.com\/es\/aviso-legal\/\",\"url\":\"https:\/\/www.ratafiaempordanesa.com\/es\/aviso-legal\/\",\"name\":\"Aviso Legal - Ratafia Empordanesa\",\"isPartOf\":{\"@id\":\"https:\/\/www.ratafiaempordanesa.com\/es\/#website\"},\"datePublished\":\"2024-06-06T14:06:25+00:00\",\"dateModified\":\"2024-07-25T08:56:39+00:00\",\"breadcrumb\":{\"@id\":\"https:\/\/www.ratafiaempordanesa.com\/es\/aviso-legal\/#breadcrumb\"},\"inLanguage\":\"es\",\"potentialAction\":[{\"@type\":\"ReadAction\",\"target\":[\"https:\/\/www.ratafiaempordanesa.com\/es\/aviso-legal\/\"]}]},{\"@type\":\"BreadcrumbList\",\"@id\":\"https:\/\/www.ratafiaempordanesa.com\/es\/aviso-legal\/#breadcrumb\",\"itemListElement\":[{\"@type\":\"ListItem\",\"position\":1,\"name\":\"Portada\",\"item\":\"https:\/\/www.ratafiaempordanesa.com\/es\/\"},{\"@type\":\"ListItem\",\"position\":2,\"name\":\"Aviso Legal\"}]},{\"@type\":\"WebSite\",\"@id\":\"https:\/\/www.ratafiaempordanesa.com\/es\/#website\",\"url\":\"https:\/\/www.ratafiaempordanesa.com\/es\/\",\"name\":\"Ratafia l'Empordanesa\",\"description\":\"Ratafia artesanal\",\"publisher\":{\"@id\":\"https:\/\/www.ratafiaempordanesa.com\/es\/#organization\"},\"potentialAction\":[{\"@type\":\"SearchAction\",\"target\":{\"@type\":\"EntryPoint\",\"urlTemplate\":\"https:\/\/www.ratafiaempordanesa.com\/es\/?s={search_term_string}\"},\"query-input\":{\"@type\":\"PropertyValueSpecification\",\"valueRequired\":true,\"valueName\":\"search_term_string\"}}],\"inLanguage\":\"es\"},{\"@type\":\"Organization\",\"@id\":\"https:\/\/www.ratafiaempordanesa.com\/es\/#organization\",\"name\":\"Ratafia l'Empordanesa\",\"url\":\"https:\/\/www.ratafiaempordanesa.com\/es\/\",\"logo\":{\"@type\":\"ImageObject\",\"inLanguage\":\"es\",\"@id\":\"https:\/\/www.ratafiaempordanesa.com\/es\/#\/schema\/logo\/image\/\",\"url\":\"https:\/\/www.ratafiaempordanesa.com\/wp-content\/uploads\/2024\/06\/logo-ratafia-empordanesa-beige.png\",\"contentUrl\":\"https:\/\/www.ratafiaempordanesa.com\/wp-content\/uploads\/2024\/06\/logo-ratafia-empordanesa-beige.png\",\"width\":4910,\"height\":536,\"caption\":\"Ratafia l'Empordanesa\"},\"image\":{\"@id\":\"https:\/\/www.ratafiaempordanesa.com\/es\/#\/schema\/logo\/image\/\"}}]}<\/script>\n<!-- \/ Yoast SEO plugin. -->","yoast_head_json":{"title":"Aviso Legal - Ratafia Empordanesa","robots":{"index":"index","follow":"follow","max-snippet":"max-snippet:-1","max-image-preview":"max-image-preview:large","max-video-preview":"max-video-preview:-1"},"canonical":"https:\/\/www.ratafiaempordanesa.com\/es\/aviso-legal\/","og_locale":"es_ES","og_type":"article","og_title":"Aviso Legal - Ratafia Empordanesa","og_description":"Tabla de contenidos Con el fin de dar cumplimiento al art\u00edculo 10 de la Ley 34\/2002 de Servicios de la Sociedad de la Informaci\u00f3n y del Comercio Electr\u00f3nico, informamos a los usuarios de nuestros datos: Denominaci\u00f3n Social: ROICOM, S.A. Domicilio: Pla\u00e7a de Noves, 10, 17780 Garriguella, Girona CIF: B17627464 Tel\u00e9fono: 972 53 00 89 E-Mail: [&hellip;]","og_url":"https:\/\/www.ratafiaempordanesa.com\/es\/aviso-legal\/","og_site_name":"Ratafia Empordanesa","article_modified_time":"2024-07-25T08:56:39+00:00","twitter_card":"summary_large_image","twitter_misc":{"Tiempo de lectura":"6 minutos"},"schema":{"@context":"https:\/\/schema.org","@graph":[{"@type":"WebPage","@id":"https:\/\/www.ratafiaempordanesa.com\/es\/aviso-legal\/","url":"https:\/\/www.ratafiaempordanesa.com\/es\/aviso-legal\/","name":"Aviso Legal - Ratafia Empordanesa","isPartOf":{"@id":"https:\/\/www.ratafiaempordanesa.com\/es\/#website"},"datePublished":"2024-06-06T14:06:25+00:00","dateModified":"2024-07-25T08:56:39+00:00","breadcrumb":{"@id":"https:\/\/www.ratafiaempordanesa.com\/es\/aviso-legal\/#breadcrumb"},"inLanguage":"es","potentialAction":[{"@type":"ReadAction","target":["https:\/\/www.ratafiaempordanesa.com\/es\/aviso-legal\/"]}]},{"@type":"BreadcrumbList","@id":"https:\/\/www.ratafiaempordanesa.com\/es\/aviso-legal\/#breadcrumb","itemListElement":[{"@type":"ListItem","position":1,"name":"Portada","item":"https:\/\/www.ratafiaempordanesa.com\/es\/"},{"@type":"ListItem","position":2,"name":"Aviso Legal"}]},{"@type":"WebSite","@id":"https:\/\/www.ratafiaempordanesa.com\/es\/#website","url":"https:\/\/www.ratafiaempordanesa.com\/es\/","name":"Ratafia l'Empordanesa","description":"Ratafia artesanal","publisher":{"@id":"https:\/\/www.ratafiaempordanesa.com\/es\/#organization"},"potentialAction":[{"@type":"SearchAction","target":{"@type":"EntryPoint","urlTemplate":"https:\/\/www.ratafiaempordanesa.com\/es\/?s={search_term_string}"},"query-input":{"@type":"PropertyValueSpecification","valueRequired":true,"valueName":"search_term_string"}}],"inLanguage":"es"},{"@type":"Organization","@id":"https:\/\/www.ratafiaempordanesa.com\/es\/#organization","name":"Ratafia l'Empordanesa","url":"https:\/\/www.ratafiaempordanesa.com\/es\/","logo":{"@type":"ImageObject","inLanguage":"es","@id":"https:\/\/www.ratafiaempordanesa.com\/es\/#\/schema\/logo\/image\/","url":"https:\/\/www.ratafiaempordanesa.com\/wp-content\/uploads\/2024\/06\/logo-ratafia-empordanesa-beige.png","contentUrl":"https:\/\/www.ratafiaempordanesa.com\/wp-content\/uploads\/2024\/06\/logo-ratafia-empordanesa-beige.png","width":4910,"height":536,"caption":"Ratafia l'Empordanesa"},"image":{"@id":"https:\/\/www.ratafiaempordanesa.com\/es\/#\/schema\/logo\/image\/"}}]}},"_links":{"self":[{"href":"https:\/\/www.ratafiaempordanesa.com\/es\/wp-json\/wp\/v2\/pages\/700","targetHints":{"allow":["GET"]}}],"collection":[{"href":"https:\/\/www.ratafiaempordanesa.com\/es\/wp-json\/wp\/v2\/pages"}],"about":[{"href":"https:\/\/www.ratafiaempordanesa.com\/es\/wp-json\/wp\/v2\/types\/page"}],"author":[{"embeddable":true,"href":"https:\/\/www.ratafiaempordanesa.com\/es\/wp-json\/wp\/v2\/users\/1"}],"replies":[{"embeddable":true,"href":"https:\/\/www.ratafiaempordanesa.com\/es\/wp-json\/wp\/v2\/comments?post=700"}],"version-history":[{"count":2,"href":"https:\/\/www.ratafiaempordanesa.com\/es\/wp-json\/wp\/v2\/pages\/700\/revisions"}],"predecessor-version":[{"id":713,"href":"https:\/\/www.ratafiaempordanesa.com\/es\/wp-json\/wp\/v2\/pages\/700\/revisions\/713"}],"wp:attachment":[{"href":"https:\/\/www.ratafiaempordanesa.com\/es\/wp-json\/wp\/v2\/media?parent=700"}],"curies":[{"name":"wp","href":"https:\/\/api.w.org\/{rel}","templated":true}]}}